
{"id":8798,"date":"2023-05-23T15:47:52","date_gmt":"2023-05-23T07:47:52","guid":{"rendered":"http:\/\/75.webs.svipwebs.com\/?post_type=product&#038;p=8798"},"modified":"2023-05-23T15:47:54","modified_gmt":"2023-05-23T07:47:54","slug":"round-container","status":"publish","type":"product","link":"https:\/\/www.wellongpack.com\/da\/vare\/rund-beholder\/","title":{"rendered":"Rund beholder"},"content":{"rendered":"","protected":false},"excerpt":{"rendered":"<p>Det utroligt holdbare, tunge aluminiumsmateriale er l\u00e6kagesikkert for at sikre, at maden bliver inde i gryden, selv under transport. Denne gryde har indfalsede kanter, s\u00e5 den kan kombineres med et kompatibelt l\u00e5g (s\u00e6lges separat) for en sikker pasform, der holder din mad sikker.<\/p>","protected":false},"featured_media":8799,"comment_status":"open","ping_status":"closed","template":"","meta":[],"product_cat":[89],"product_tag":[],"class_list":["post-8798","product","type-product","status-publish","has-post-thumbnail","hentry","product_cat-aluminum-foil-container"],"_links":{"self":[{"href":"https:\/\/www.wellongpack.com\/da\/wp-json\/wp\/v2\/product\/8798","targetHints":{"allow":["GET"]}}],"collection":[{"href":"https:\/\/www.wellongpack.com\/da\/wp-json\/wp\/v2\/product"}],"about":[{"href":"https:\/\/www.wellongpack.com\/da\/wp-json\/wp\/v2\/types\/product"}],"replies":[{"embeddable":true,"href":"https:\/\/www.wellongpack.com\/da\/wp-json\/wp\/v2\/comments?post=8798"}],"version-history":[{"count":1,"href":"https:\/\/www.wellongpack.com\/da\/wp-json\/wp\/v2\/product\/8798\/revisions"}],"predecessor-version":[{"id":8805,"href":"https:\/\/www.wellongpack.com\/da\/wp-json\/wp\/v2\/product\/8798\/revisions\/8805"}],"wp:featuredmedia":[{"embeddable":true,"href":"https:\/\/www.wellongpack.com\/da\/wp-json\/wp\/v2\/media\/8799"}],"wp:attachment":[{"href":"https:\/\/www.wellongpack.com\/da\/wp-json\/wp\/v2\/media?parent=8798"}],"wp:term":[{"taxonomy":"product_cat","embeddable":true,"href":"https:\/\/www.wellongpack.com\/da\/wp-json\/wp\/v2\/product_cat?post=8798"},{"taxonomy":"product_tag","embeddable":true,"href":"https:\/\/www.wellongpack.com\/da\/wp-json\/wp\/v2\/product_tag?post=8798"}],"curies":[{"name":"wp","href":"https:\/\/api.w.org\/{rel}","templated":true}]}}