
{"id":10547,"date":"2023-06-09T15:28:26","date_gmt":"2023-06-09T07:28:26","guid":{"rendered":"http:\/\/75.webs.svipwebs.com\/?post_type=product&#038;p=10547"},"modified":"2023-06-09T15:28:26","modified_gmt":"2023-06-09T07:28:26","slug":"glass-straw-2","status":"publish","type":"product","link":"https:\/\/www.wellongpack.com\/da\/vare\/glas-halm-2\/","title":{"rendered":"Glasstr\u00e5"},"content":{"rendered":"<p>Glassuger\u00f8r har en lang r\u00e6kke funktioner, der g\u00f8r dem til en af de mest b\u00e6redygtige og stilfulde m\u00e5der at nyde en drink p\u00e5. De f\u00e5s i forskellige l\u00e6ngder, som er ideelle til longdrinks, tumblere, flasker, kopper eller almindelige drikkeglas.<\/p>\n<p><img loading=\"lazy\" decoding=\"async\" class=\"alignnone size-full wp-image-10548\" src=\"https:\/\/www.wellongpack.com\/wp-content\/uploads\/2023\/06\/1-103.jpg\" alt=\"\" width=\"878\" height=\"921\" srcset=\"https:\/\/www.wellongpack.com\/wp-content\/uploads\/2023\/06\/1-103.jpg 878w, https:\/\/www.wellongpack.com\/wp-content\/uploads\/2023\/06\/1-103-430x451.jpg 430w, https:\/\/www.wellongpack.com\/wp-content\/uploads\/2023\/06\/1-103-150x157.jpg 150w, https:\/\/www.wellongpack.com\/wp-content\/uploads\/2023\/06\/1-103-700x734.jpg 700w, https:\/\/www.wellongpack.com\/wp-content\/uploads\/2023\/06\/1-103-286x300.jpg 286w, https:\/\/www.wellongpack.com\/wp-content\/uploads\/2023\/06\/1-103-763x800.jpg 763w, https:\/\/www.wellongpack.com\/wp-content\/uploads\/2023\/06\/1-103-768x806.jpg 768w, https:\/\/www.wellongpack.com\/wp-content\/uploads\/2023\/06\/1-103-860x902.jpg 860w\" sizes=\"auto, (max-width: 878px) 100vw, 878px\" \/> <img loading=\"lazy\" decoding=\"async\" class=\"alignnone size-full wp-image-10549\" src=\"https:\/\/www.wellongpack.com\/wp-content\/uploads\/2023\/06\/2-97.jpg\" alt=\"\" width=\"800\" height=\"800\" srcset=\"https:\/\/www.wellongpack.com\/wp-content\/uploads\/2023\/06\/2-97.jpg 800w, https:\/\/www.wellongpack.com\/wp-content\/uploads\/2023\/06\/2-97-430x430.jpg 430w, https:\/\/www.wellongpack.com\/wp-content\/uploads\/2023\/06\/2-97-150x150.jpg 150w, https:\/\/www.wellongpack.com\/wp-content\/uploads\/2023\/06\/2-97-700x700.jpg 700w, https:\/\/www.wellongpack.com\/wp-content\/uploads\/2023\/06\/2-97-300x300.jpg 300w, https:\/\/www.wellongpack.com\/wp-content\/uploads\/2023\/06\/2-97-768x768.jpg 768w\" sizes=\"auto, (max-width: 800px) 100vw, 800px\" \/> <img loading=\"lazy\" decoding=\"async\" class=\"alignnone size-full wp-image-10550\" src=\"https:\/\/www.wellongpack.com\/wp-content\/uploads\/2023\/06\/3-81.jpg\" alt=\"\" width=\"1024\" height=\"1024\" srcset=\"https:\/\/www.wellongpack.com\/wp-content\/uploads\/2023\/06\/3-81.jpg 1024w, https:\/\/www.wellongpack.com\/wp-content\/uploads\/2023\/06\/3-81-430x430.jpg 430w, https:\/\/www.wellongpack.com\/wp-content\/uploads\/2023\/06\/3-81-150x150.jpg 150w, https:\/\/www.wellongpack.com\/wp-content\/uploads\/2023\/06\/3-81-700x700.jpg 700w, https:\/\/www.wellongpack.com\/wp-content\/uploads\/2023\/06\/3-81-300x300.jpg 300w, https:\/\/www.wellongpack.com\/wp-content\/uploads\/2023\/06\/3-81-800x800.jpg 800w, https:\/\/www.wellongpack.com\/wp-content\/uploads\/2023\/06\/3-81-768x768.jpg 768w, https:\/\/www.wellongpack.com\/wp-content\/uploads\/2023\/06\/3-81-860x860.jpg 860w\" sizes=\"auto, (max-width: 1024px) 100vw, 1024px\" \/> <img loading=\"lazy\" decoding=\"async\" class=\"alignnone size-full wp-image-10551\" src=\"https:\/\/www.wellongpack.com\/wp-content\/uploads\/2023\/06\/4-47.jpg\" alt=\"\" width=\"750\" height=\"750\" srcset=\"https:\/\/www.wellongpack.com\/wp-content\/uploads\/2023\/06\/4-47.jpg 750w, https:\/\/www.wellongpack.com\/wp-content\/uploads\/2023\/06\/4-47-430x430.jpg 430w, https:\/\/www.wellongpack.com\/wp-content\/uploads\/2023\/06\/4-47-150x150.jpg 150w, https:\/\/www.wellongpack.com\/wp-content\/uploads\/2023\/06\/4-47-700x700.jpg 700w, https:\/\/www.wellongpack.com\/wp-content\/uploads\/2023\/06\/4-47-300x300.jpg 300w\" sizes=\"auto, (max-width: 750px) 100vw, 750px\" \/> <img loading=\"lazy\" decoding=\"async\" class=\"alignnone size-full wp-image-10552\" src=\"https:\/\/www.wellongpack.com\/wp-content\/uploads\/2023\/06\/5-28.jpg\" alt=\"\" width=\"960\" height=\"951\" srcset=\"https:\/\/www.wellongpack.com\/wp-content\/uploads\/2023\/06\/5-28.jpg 960w, https:\/\/www.wellongpack.com\/wp-content\/uploads\/2023\/06\/5-28-430x426.jpg 430w, https:\/\/www.wellongpack.com\/wp-content\/uploads\/2023\/06\/5-28-150x150.jpg 150w, https:\/\/www.wellongpack.com\/wp-content\/uploads\/2023\/06\/5-28-700x693.jpg 700w, https:\/\/www.wellongpack.com\/wp-content\/uploads\/2023\/06\/5-28-303x300.jpg 303w, https:\/\/www.wellongpack.com\/wp-content\/uploads\/2023\/06\/5-28-808x800.jpg 808w, https:\/\/www.wellongpack.com\/wp-content\/uploads\/2023\/06\/5-28-768x761.jpg 768w, https:\/\/www.wellongpack.com\/wp-content\/uploads\/2023\/06\/5-28-860x852.jpg 860w\" sizes=\"auto, (max-width: 960px) 100vw, 960px\" \/> <img loading=\"lazy\" decoding=\"async\" class=\"alignnone size-full wp-image-10553\" src=\"https:\/\/www.wellongpack.com\/wp-content\/uploads\/2023\/06\/6-16.jpg\" alt=\"\" width=\"1002\" height=\"659\" srcset=\"https:\/\/www.wellongpack.com\/wp-content\/uploads\/2023\/06\/6-16.jpg 1002w, https:\/\/www.wellongpack.com\/wp-content\/uploads\/2023\/06\/6-16-430x283.jpg 430w, https:\/\/www.wellongpack.com\/wp-content\/uploads\/2023\/06\/6-16-150x99.jpg 150w, https:\/\/www.wellongpack.com\/wp-content\/uploads\/2023\/06\/6-16-700x460.jpg 700w, https:\/\/www.wellongpack.com\/wp-content\/uploads\/2023\/06\/6-16-400x263.jpg 400w, https:\/\/www.wellongpack.com\/wp-content\/uploads\/2023\/06\/6-16-768x505.jpg 768w, https:\/\/www.wellongpack.com\/wp-content\/uploads\/2023\/06\/6-16-860x566.jpg 860w\" sizes=\"auto, (max-width: 1002px) 100vw, 1002px\" \/><\/p>","protected":false},"excerpt":{"rendered":"<p>glass straws have a host of features that makes them one of the most sustainable and stylish ways to enjoy<\/p>","protected":false},"featured_media":10548,"comment_status":"open","ping_status":"closed","template":"","meta":[],"product_cat":[70,121],"product_tag":[],"class_list":["post-10547","product","type-product","status-publish","has-post-thumbnail","hentry","product_cat-foodservice-packaging","product_cat-strawstirrer"],"_links":{"self":[{"href":"https:\/\/www.wellongpack.com\/da\/wp-json\/wp\/v2\/product\/10547","targetHints":{"allow":["GET"]}}],"collection":[{"href":"https:\/\/www.wellongpack.com\/da\/wp-json\/wp\/v2\/product"}],"about":[{"href":"https:\/\/www.wellongpack.com\/da\/wp-json\/wp\/v2\/types\/product"}],"replies":[{"embeddable":true,"href":"https:\/\/www.wellongpack.com\/da\/wp-json\/wp\/v2\/comments?post=10547"}],"version-history":[{"count":1,"href":"https:\/\/www.wellongpack.com\/da\/wp-json\/wp\/v2\/product\/10547\/revisions"}],"predecessor-version":[{"id":10554,"href":"https:\/\/www.wellongpack.com\/da\/wp-json\/wp\/v2\/product\/10547\/revisions\/10554"}],"wp:featuredmedia":[{"embeddable":true,"href":"https:\/\/www.wellongpack.com\/da\/wp-json\/wp\/v2\/media\/10548"}],"wp:attachment":[{"href":"https:\/\/www.wellongpack.com\/da\/wp-json\/wp\/v2\/media?parent=10547"}],"wp:term":[{"taxonomy":"product_cat","embeddable":true,"href":"https:\/\/www.wellongpack.com\/da\/wp-json\/wp\/v2\/product_cat?post=10547"},{"taxonomy":"product_tag","embeddable":true,"href":"https:\/\/www.wellongpack.com\/da\/wp-json\/wp\/v2\/product_tag?post=10547"}],"curies":[{"name":"wp","href":"https:\/\/api.w.org\/{rel}","templated":true}]}}