
{"id":10477,"date":"2023-06-09T15:18:23","date_gmt":"2023-06-09T07:18:23","guid":{"rendered":"http:\/\/75.webs.svipwebs.com\/?post_type=product&#038;p=10477"},"modified":"2023-06-13T09:56:55","modified_gmt":"2023-06-13T01:56:55","slug":"pet-clamshell-round-container-2","status":"publish","type":"product","link":"https:\/\/www.wellongpack.com\/da\/vare\/pet-clamshell-round-container-2\/","title":{"rendered":"Rund PET-beholder med muslingeskal"},"content":{"rendered":"<p>Denne runde, klare beholder er lavet af ultraklar PET-plast og er robust og st\u00e6rk. Da denne beholder er helt klar, er den perfekt til at fremvise de klare farver p\u00e5 dine frugter, pastaer, salater og saucer, s\u00e5 de bliver mere tiltalende for kunderne.<\/p>\n<p><img loading=\"lazy\" decoding=\"async\" class=\"alignnone size-full wp-image-10478\" src=\"https:\/\/www.wellongpack.com\/wp-content\/uploads\/2023\/06\/\u5e7f\u5dde\u9a8f\u5b9d.jpg\" alt=\"\" width=\"750\" height=\"750\" srcset=\"https:\/\/www.wellongpack.com\/wp-content\/uploads\/2023\/06\/\u5e7f\u5dde\u9a8f\u5b9d.jpg 750w, https:\/\/www.wellongpack.com\/wp-content\/uploads\/2023\/06\/\u5e7f\u5dde\u9a8f\u5b9d-430x430.jpg 430w, https:\/\/www.wellongpack.com\/wp-content\/uploads\/2023\/06\/\u5e7f\u5dde\u9a8f\u5b9d-150x150.jpg 150w, https:\/\/www.wellongpack.com\/wp-content\/uploads\/2023\/06\/\u5e7f\u5dde\u9a8f\u5b9d-700x700.jpg 700w, https:\/\/www.wellongpack.com\/wp-content\/uploads\/2023\/06\/\u5e7f\u5dde\u9a8f\u5b9d-300x300.jpg 300w\" sizes=\"auto, (max-width: 750px) 100vw, 750px\" \/> <img loading=\"lazy\" decoding=\"async\" class=\"alignnone size-full wp-image-10479\" src=\"https:\/\/www.wellongpack.com\/wp-content\/uploads\/2023\/06\/4-40.jpg\" alt=\"\" width=\"750\" height=\"750\" srcset=\"https:\/\/www.wellongpack.com\/wp-content\/uploads\/2023\/06\/4-40.jpg 750w, https:\/\/www.wellongpack.com\/wp-content\/uploads\/2023\/06\/4-40-430x430.jpg 430w, https:\/\/www.wellongpack.com\/wp-content\/uploads\/2023\/06\/4-40-150x150.jpg 150w, https:\/\/www.wellongpack.com\/wp-content\/uploads\/2023\/06\/4-40-700x700.jpg 700w, https:\/\/www.wellongpack.com\/wp-content\/uploads\/2023\/06\/4-40-300x300.jpg 300w\" sizes=\"auto, (max-width: 750px) 100vw, 750px\" \/> <img loading=\"lazy\" decoding=\"async\" class=\"alignnone size-full wp-image-10480\" src=\"https:\/\/www.wellongpack.com\/wp-content\/uploads\/2023\/06\/5-22.jpg\" alt=\"\" width=\"750\" height=\"750\" srcset=\"https:\/\/www.wellongpack.com\/wp-content\/uploads\/2023\/06\/5-22.jpg 750w, https:\/\/www.wellongpack.com\/wp-content\/uploads\/2023\/06\/5-22-430x430.jpg 430w, https:\/\/www.wellongpack.com\/wp-content\/uploads\/2023\/06\/5-22-150x150.jpg 150w, https:\/\/www.wellongpack.com\/wp-content\/uploads\/2023\/06\/5-22-700x700.jpg 700w, https:\/\/www.wellongpack.com\/wp-content\/uploads\/2023\/06\/5-22-300x300.jpg 300w\" sizes=\"auto, (max-width: 750px) 100vw, 750px\" \/> <img loading=\"lazy\" decoding=\"async\" class=\"alignnone size-full wp-image-10481\" src=\"https:\/\/www.wellongpack.com\/wp-content\/uploads\/2023\/06\/6-13.jpg\" alt=\"\" width=\"750\" height=\"750\" srcset=\"https:\/\/www.wellongpack.com\/wp-content\/uploads\/2023\/06\/6-13.jpg 750w, https:\/\/www.wellongpack.com\/wp-content\/uploads\/2023\/06\/6-13-430x430.jpg 430w, https:\/\/www.wellongpack.com\/wp-content\/uploads\/2023\/06\/6-13-150x150.jpg 150w, https:\/\/www.wellongpack.com\/wp-content\/uploads\/2023\/06\/6-13-700x700.jpg 700w, https:\/\/www.wellongpack.com\/wp-content\/uploads\/2023\/06\/6-13-300x300.jpg 300w\" sizes=\"auto, (max-width: 750px) 100vw, 750px\" \/> <img loading=\"lazy\" decoding=\"async\" class=\"alignnone size-full wp-image-10482\" src=\"https:\/\/www.wellongpack.com\/wp-content\/uploads\/2023\/06\/534ed59a14d6dfe4826ac9810594a727_Hb6448bdc45c04f258ba7c93b7d8e9d65i.jpg_960x960.jpg\" alt=\"\" width=\"750\" height=\"750\" srcset=\"https:\/\/www.wellongpack.com\/wp-content\/uploads\/2023\/06\/534ed59a14d6dfe4826ac9810594a727_Hb6448bdc45c04f258ba7c93b7d8e9d65i.jpg_960x960.jpg 750w, https:\/\/www.wellongpack.com\/wp-content\/uploads\/2023\/06\/534ed59a14d6dfe4826ac9810594a727_Hb6448bdc45c04f258ba7c93b7d8e9d65i.jpg_960x960-430x430.jpg 430w, https:\/\/www.wellongpack.com\/wp-content\/uploads\/2023\/06\/534ed59a14d6dfe4826ac9810594a727_Hb6448bdc45c04f258ba7c93b7d8e9d65i.jpg_960x960-150x150.jpg 150w, https:\/\/www.wellongpack.com\/wp-content\/uploads\/2023\/06\/534ed59a14d6dfe4826ac9810594a727_Hb6448bdc45c04f258ba7c93b7d8e9d65i.jpg_960x960-700x700.jpg 700w, https:\/\/www.wellongpack.com\/wp-content\/uploads\/2023\/06\/534ed59a14d6dfe4826ac9810594a727_Hb6448bdc45c04f258ba7c93b7d8e9d65i.jpg_960x960-300x300.jpg 300w\" sizes=\"auto, (max-width: 750px) 100vw, 750px\" \/> <img loading=\"lazy\" decoding=\"async\" class=\"alignnone wp-image-10483\" src=\"https:\/\/www.wellongpack.com\/wp-content\/uploads\/2023\/06\/cf631a4fcc7edcaed6ee35c5e32414b3_H886511b07d4e46348ed9233098a8c940m.jpg_960x960.jpg\" alt=\"\" width=\"750\" height=\"501\" srcset=\"https:\/\/www.wellongpack.com\/wp-content\/uploads\/2023\/06\/cf631a4fcc7edcaed6ee35c5e32414b3_H886511b07d4e46348ed9233098a8c940m.jpg_960x960.jpg 960w, https:\/\/www.wellongpack.com\/wp-content\/uploads\/2023\/06\/cf631a4fcc7edcaed6ee35c5e32414b3_H886511b07d4e46348ed9233098a8c940m.jpg_960x960-430x287.jpg 430w, https:\/\/www.wellongpack.com\/wp-content\/uploads\/2023\/06\/cf631a4fcc7edcaed6ee35c5e32414b3_H886511b07d4e46348ed9233098a8c940m.jpg_960x960-150x100.jpg 150w, https:\/\/www.wellongpack.com\/wp-content\/uploads\/2023\/06\/cf631a4fcc7edcaed6ee35c5e32414b3_H886511b07d4e46348ed9233098a8c940m.jpg_960x960-700x467.jpg 700w, https:\/\/www.wellongpack.com\/wp-content\/uploads\/2023\/06\/cf631a4fcc7edcaed6ee35c5e32414b3_H886511b07d4e46348ed9233098a8c940m.jpg_960x960-400x267.jpg 400w, https:\/\/www.wellongpack.com\/wp-content\/uploads\/2023\/06\/cf631a4fcc7edcaed6ee35c5e32414b3_H886511b07d4e46348ed9233098a8c940m.jpg_960x960-768x513.jpg 768w, https:\/\/www.wellongpack.com\/wp-content\/uploads\/2023\/06\/cf631a4fcc7edcaed6ee35c5e32414b3_H886511b07d4e46348ed9233098a8c940m.jpg_960x960-860x574.jpg 860w\" sizes=\"auto, (max-width: 750px) 100vw, 750px\" \/><\/p>","protected":false},"excerpt":{"rendered":"<p>Made from ultra clear PET plastic, this round clear container is sturdy and strong. Since this container is completely clear,<\/p>","protected":false},"featured_media":10478,"comment_status":"open","ping_status":"closed","template":"","meta":[],"product_cat":[70,119,118],"product_tag":[],"class_list":["post-10477","product","type-product","status-publish","has-post-thumbnail","hentry","product_cat-foodservice-packaging","product_cat-pet-containerbowl","product_cat-plastic-container"],"_links":{"self":[{"href":"https:\/\/www.wellongpack.com\/da\/wp-json\/wp\/v2\/product\/10477","targetHints":{"allow":["GET"]}}],"collection":[{"href":"https:\/\/www.wellongpack.com\/da\/wp-json\/wp\/v2\/product"}],"about":[{"href":"https:\/\/www.wellongpack.com\/da\/wp-json\/wp\/v2\/types\/product"}],"replies":[{"embeddable":true,"href":"https:\/\/www.wellongpack.com\/da\/wp-json\/wp\/v2\/comments?post=10477"}],"version-history":[{"count":2,"href":"https:\/\/www.wellongpack.com\/da\/wp-json\/wp\/v2\/product\/10477\/revisions"}],"predecessor-version":[{"id":10692,"href":"https:\/\/www.wellongpack.com\/da\/wp-json\/wp\/v2\/product\/10477\/revisions\/10692"}],"wp:featuredmedia":[{"embeddable":true,"href":"https:\/\/www.wellongpack.com\/da\/wp-json\/wp\/v2\/media\/10478"}],"wp:attachment":[{"href":"https:\/\/www.wellongpack.com\/da\/wp-json\/wp\/v2\/media?parent=10477"}],"wp:term":[{"taxonomy":"product_cat","embeddable":true,"href":"https:\/\/www.wellongpack.com\/da\/wp-json\/wp\/v2\/product_cat?post=10477"},{"taxonomy":"product_tag","embeddable":true,"href":"https:\/\/www.wellongpack.com\/da\/wp-json\/wp\/v2\/product_tag?post=10477"}],"curies":[{"name":"wp","href":"https:\/\/api.w.org\/{rel}","templated":true}]}}