
{"id":10216,"date":"2023-06-02T23:59:14","date_gmt":"2023-06-02T15:59:14","guid":{"rendered":"http:\/\/75.webs.svipwebs.com\/?post_type=product&#038;p=10216"},"modified":"2026-01-08T23:26:23","modified_gmt":"2026-01-08T15:26:23","slug":"wood-cutlery","status":"publish","type":"product","link":"https:\/\/www.wellongpack.com\/da\/vare\/trae-bestik\/","title":{"rendered":"Tr\u00e6bestik"},"content":{"rendered":"<p>Dette alt-i-et-s\u00e6t indeholder gaffel, kniv, ske og serviet for den st\u00f8rste bekvemmelighed! Dette s\u00e6t er et ideelt alternativ til traditionelle, oliebaserede plastikredskaber og er en fantastisk tilf\u00f8jelse til enhver restaurant, grab-and-go-butik, kontorets pauserum eller skolens cafeteria!<\/p>","protected":false},"excerpt":{"rendered":"<p>Dette alt-i-et-s\u00e6t indeholder gaffel, kniv, ske og serviet for at g\u00f8re det s\u00e5 nemt som muligt! Et ideelt alternativ til traditionel, oliebaseret plast<\/p>","protected":false},"featured_media":10217,"comment_status":"open","ping_status":"closed","template":"","meta":[],"product_cat":[20,154],"product_tag":[],"class_list":["post-10216","product","type-product","status-publish","has-post-thumbnail","hentry","product_cat-all-products","product_cat-top"],"_links":{"self":[{"href":"https:\/\/www.wellongpack.com\/da\/wp-json\/wp\/v2\/product\/10216","targetHints":{"allow":["GET"]}}],"collection":[{"href":"https:\/\/www.wellongpack.com\/da\/wp-json\/wp\/v2\/product"}],"about":[{"href":"https:\/\/www.wellongpack.com\/da\/wp-json\/wp\/v2\/types\/product"}],"replies":[{"embeddable":true,"href":"https:\/\/www.wellongpack.com\/da\/wp-json\/wp\/v2\/comments?post=10216"}],"version-history":[{"count":1,"href":"https:\/\/www.wellongpack.com\/da\/wp-json\/wp\/v2\/product\/10216\/revisions"}],"predecessor-version":[{"id":10218,"href":"https:\/\/www.wellongpack.com\/da\/wp-json\/wp\/v2\/product\/10216\/revisions\/10218"}],"wp:featuredmedia":[{"embeddable":true,"href":"https:\/\/www.wellongpack.com\/da\/wp-json\/wp\/v2\/media\/10217"}],"wp:attachment":[{"href":"https:\/\/www.wellongpack.com\/da\/wp-json\/wp\/v2\/media?parent=10216"}],"wp:term":[{"taxonomy":"product_cat","embeddable":true,"href":"https:\/\/www.wellongpack.com\/da\/wp-json\/wp\/v2\/product_cat?post=10216"},{"taxonomy":"product_tag","embeddable":true,"href":"https:\/\/www.wellongpack.com\/da\/wp-json\/wp\/v2\/product_tag?post=10216"}],"curies":[{"name":"wp","href":"https:\/\/api.w.org\/{rel}","templated":true}]}}