
{"id":10210,"date":"2023-06-02T23:58:03","date_gmt":"2023-06-02T15:58:03","guid":{"rendered":"http:\/\/75.webs.svipwebs.com\/?post_type=product&#038;p=10210"},"modified":"2025-11-06T06:02:30","modified_gmt":"2025-11-05T22:02:30","slug":"paper-take-out-container","status":"publish","type":"product","link":"https:\/\/www.wellongpack.com\/da\/vare\/papir-udtag-beholder\/","title":{"rendered":"Papirbeholder til take-out"},"content":{"rendered":"<p>Kraft PE-foret takeaway-beholder til mikroovn er ideel til varm og kold mad, desserter og tilbeh\u00f8r. Den er fremstillet med en polycoatet inderside, som beskytter mod l\u00e6kager fra olie, fedt eller saucer. Det kompatible l\u00e5g (s\u00e6lges separat) holder maden sikker og beskyttet under transport.<\/p>","protected":false},"excerpt":{"rendered":"<p>Kraft PE-foret takeaway-beholder til mikroovn er ideel til varm og kold mad, desserter og tilbeh\u00f8r. Fremstillet med en polycoatet inderside,<\/p>","protected":false},"featured_media":10211,"comment_status":"open","ping_status":"closed","template":"","meta":[],"product_cat":[20,154],"product_tag":[],"class_list":["post-10210","product","type-product","status-publish","has-post-thumbnail","hentry","product_cat-all-products","product_cat-top"],"_links":{"self":[{"href":"https:\/\/www.wellongpack.com\/da\/wp-json\/wp\/v2\/product\/10210","targetHints":{"allow":["GET"]}}],"collection":[{"href":"https:\/\/www.wellongpack.com\/da\/wp-json\/wp\/v2\/product"}],"about":[{"href":"https:\/\/www.wellongpack.com\/da\/wp-json\/wp\/v2\/types\/product"}],"replies":[{"embeddable":true,"href":"https:\/\/www.wellongpack.com\/da\/wp-json\/wp\/v2\/comments?post=10210"}],"version-history":[{"count":1,"href":"https:\/\/www.wellongpack.com\/da\/wp-json\/wp\/v2\/product\/10210\/revisions"}],"predecessor-version":[{"id":10212,"href":"https:\/\/www.wellongpack.com\/da\/wp-json\/wp\/v2\/product\/10210\/revisions\/10212"}],"wp:featuredmedia":[{"embeddable":true,"href":"https:\/\/www.wellongpack.com\/da\/wp-json\/wp\/v2\/media\/10211"}],"wp:attachment":[{"href":"https:\/\/www.wellongpack.com\/da\/wp-json\/wp\/v2\/media?parent=10210"}],"wp:term":[{"taxonomy":"product_cat","embeddable":true,"href":"https:\/\/www.wellongpack.com\/da\/wp-json\/wp\/v2\/product_cat?post=10210"},{"taxonomy":"product_tag","embeddable":true,"href":"https:\/\/www.wellongpack.com\/da\/wp-json\/wp\/v2\/product_tag?post=10210"}],"curies":[{"name":"wp","href":"https:\/\/api.w.org\/{rel}","templated":true}]}}