
{"id":10199,"date":"2023-06-02T23:54:36","date_gmt":"2023-06-02T15:54:36","guid":{"rendered":"http:\/\/75.webs.svipwebs.com\/?post_type=product&#038;p=10199"},"modified":"2025-11-06T06:00:14","modified_gmt":"2025-11-05T22:00:14","slug":"micro-perforated-bags","status":"publish","type":"product","link":"https:\/\/www.wellongpack.com\/da\/vare\/mikroperforerede-poser\/","title":{"rendered":"Mikroperforerede poser"},"content":{"rendered":"<p>Mikroperforerede br\u00f8dposer er det ideelle valg til h\u00e5ndv\u00e6rksbr\u00f8d. Eller pak gr\u00f8ntsager ind, s\u00e5 de kan \u00e5nde uden at indfange skadelige dampe.<\/p>\n<ul>\n<li>Mikroperforeringer ventilerer lugte for at tiltr\u00e6kke kunder med den friske duft af bagt br\u00f8d.<\/li>\n<li>Overskydende fugt f\u00e5r lov til at slippe ud, s\u00e5 br\u00f8det forbliver spr\u00f8dt og produkterne friske l\u00e6ngere.<\/li>\n<li>Perforeringerne er sm\u00e5 nok til, at maden ikke bliver for gammel.<\/li>\n<\/ul>\n<p>&nbsp;<\/p>\n<p>&nbsp;<\/p>","protected":false},"excerpt":{"rendered":"<p>Mikroperforerede br\u00f8dposer er det ideelle valg til h\u00e5ndv\u00e6rksbr\u00f8d. Eller pak dine gr\u00f8ntsager, s\u00e5 de kan \u00e5nde uden at<\/p>","protected":false},"featured_media":10200,"comment_status":"open","ping_status":"closed","template":"","meta":[],"product_cat":[20,154],"product_tag":[],"class_list":["post-10199","product","type-product","status-publish","has-post-thumbnail","hentry","product_cat-all-products","product_cat-top"],"_links":{"self":[{"href":"https:\/\/www.wellongpack.com\/da\/wp-json\/wp\/v2\/product\/10199","targetHints":{"allow":["GET"]}}],"collection":[{"href":"https:\/\/www.wellongpack.com\/da\/wp-json\/wp\/v2\/product"}],"about":[{"href":"https:\/\/www.wellongpack.com\/da\/wp-json\/wp\/v2\/types\/product"}],"replies":[{"embeddable":true,"href":"https:\/\/www.wellongpack.com\/da\/wp-json\/wp\/v2\/comments?post=10199"}],"version-history":[{"count":1,"href":"https:\/\/www.wellongpack.com\/da\/wp-json\/wp\/v2\/product\/10199\/revisions"}],"predecessor-version":[{"id":10202,"href":"https:\/\/www.wellongpack.com\/da\/wp-json\/wp\/v2\/product\/10199\/revisions\/10202"}],"wp:featuredmedia":[{"embeddable":true,"href":"https:\/\/www.wellongpack.com\/da\/wp-json\/wp\/v2\/media\/10200"}],"wp:attachment":[{"href":"https:\/\/www.wellongpack.com\/da\/wp-json\/wp\/v2\/media?parent=10199"}],"wp:term":[{"taxonomy":"product_cat","embeddable":true,"href":"https:\/\/www.wellongpack.com\/da\/wp-json\/wp\/v2\/product_cat?post=10199"},{"taxonomy":"product_tag","embeddable":true,"href":"https:\/\/www.wellongpack.com\/da\/wp-json\/wp\/v2\/product_tag?post=10199"}],"curies":[{"name":"wp","href":"https:\/\/api.w.org\/{rel}","templated":true}]}}