
{"id":10147,"date":"2023-06-01T14:39:30","date_gmt":"2023-06-01T06:39:30","guid":{"rendered":"http:\/\/75.webs.svipwebs.com\/?post_type=product&#038;p=10147"},"modified":"2023-06-01T14:39:30","modified_gmt":"2023-06-01T06:39:30","slug":"syringe-box-medical-kidney-tray","status":"publish","type":"product","link":"https:\/\/www.wellongpack.com\/da\/vare\/sprojteaeske-medicinsk-bornebakke\/","title":{"rendered":"Spr\u00f8jte\u00e6ske Medicinsk nyrebakke"},"content":{"rendered":"<p><strong><b>Denne st\u00f8bte papirmasse <\/b><\/strong><strong><b>Medicinsk<\/b><\/strong><strong><b>\u00a0bakken er st\u00f8bt af sukkerr\u00f8rsbagassefibre. Det er en vedvarende ressource med kort v\u00e6kstcyklus. Materialerne og produktionsprocessen er milj\u00f8venlige. De f\u00e6rdige produkter er fuldt biologisk nedbrydelige.<\/b><\/strong><\/p>\n<p><img loading=\"lazy\" decoding=\"async\" class=\"alignnone size-full wp-image-10148\" src=\"https:\/\/www.wellongpack.com\/wp-content\/uploads\/2023\/06\/1-74.jpg\" alt=\"\" width=\"800\" height=\"800\" srcset=\"https:\/\/www.wellongpack.com\/wp-content\/uploads\/2023\/06\/1-74.jpg 800w, https:\/\/www.wellongpack.com\/wp-content\/uploads\/2023\/06\/1-74-430x430.jpg 430w, https:\/\/www.wellongpack.com\/wp-content\/uploads\/2023\/06\/1-74-150x150.jpg 150w, https:\/\/www.wellongpack.com\/wp-content\/uploads\/2023\/06\/1-74-700x700.jpg 700w, https:\/\/www.wellongpack.com\/wp-content\/uploads\/2023\/06\/1-74-300x300.jpg 300w, https:\/\/www.wellongpack.com\/wp-content\/uploads\/2023\/06\/1-74-768x768.jpg 768w\" sizes=\"auto, (max-width: 800px) 100vw, 800px\" \/> <img loading=\"lazy\" decoding=\"async\" class=\"alignnone size-full wp-image-10149\" src=\"https:\/\/www.wellongpack.com\/wp-content\/uploads\/2023\/06\/3-57.jpg\" alt=\"\" width=\"800\" height=\"800\" srcset=\"https:\/\/www.wellongpack.com\/wp-content\/uploads\/2023\/06\/3-57.jpg 800w, https:\/\/www.wellongpack.com\/wp-content\/uploads\/2023\/06\/3-57-430x430.jpg 430w, https:\/\/www.wellongpack.com\/wp-content\/uploads\/2023\/06\/3-57-150x150.jpg 150w, https:\/\/www.wellongpack.com\/wp-content\/uploads\/2023\/06\/3-57-700x700.jpg 700w, https:\/\/www.wellongpack.com\/wp-content\/uploads\/2023\/06\/3-57-300x300.jpg 300w, https:\/\/www.wellongpack.com\/wp-content\/uploads\/2023\/06\/3-57-768x768.jpg 768w\" sizes=\"auto, (max-width: 800px) 100vw, 800px\" \/> <img loading=\"lazy\" decoding=\"async\" class=\"alignnone size-full wp-image-10150\" src=\"https:\/\/www.wellongpack.com\/wp-content\/uploads\/2023\/06\/Syringe-Box-Medical-Kidney-Tray.jpg\" alt=\"\" width=\"800\" height=\"800\" srcset=\"https:\/\/www.wellongpack.com\/wp-content\/uploads\/2023\/06\/Syringe-Box-Medical-Kidney-Tray.jpg 800w, https:\/\/www.wellongpack.com\/wp-content\/uploads\/2023\/06\/Syringe-Box-Medical-Kidney-Tray-430x430.jpg 430w, https:\/\/www.wellongpack.com\/wp-content\/uploads\/2023\/06\/Syringe-Box-Medical-Kidney-Tray-150x150.jpg 150w, https:\/\/www.wellongpack.com\/wp-content\/uploads\/2023\/06\/Syringe-Box-Medical-Kidney-Tray-700x700.jpg 700w, https:\/\/www.wellongpack.com\/wp-content\/uploads\/2023\/06\/Syringe-Box-Medical-Kidney-Tray-300x300.jpg 300w, https:\/\/www.wellongpack.com\/wp-content\/uploads\/2023\/06\/Syringe-Box-Medical-Kidney-Tray-768x768.jpg 768w\" sizes=\"auto, (max-width: 800px) 100vw, 800px\" \/><\/p>","protected":false},"excerpt":{"rendered":"<p>This molded pulp Medical\u00a0tray is molded from sugarcane bagasse fiber. It is renewable resources with short growth cycle. The materials<\/p>","protected":false},"featured_media":10148,"comment_status":"open","ping_status":"closed","template":"","meta":[],"product_cat":[146,150],"product_tag":[],"class_list":["post-10147","product","type-product","status-publish","has-post-thumbnail","hentry","product_cat-molded-pulp","product_cat-molded-pulp-box-tray"],"_links":{"self":[{"href":"https:\/\/www.wellongpack.com\/da\/wp-json\/wp\/v2\/product\/10147","targetHints":{"allow":["GET"]}}],"collection":[{"href":"https:\/\/www.wellongpack.com\/da\/wp-json\/wp\/v2\/product"}],"about":[{"href":"https:\/\/www.wellongpack.com\/da\/wp-json\/wp\/v2\/types\/product"}],"replies":[{"embeddable":true,"href":"https:\/\/www.wellongpack.com\/da\/wp-json\/wp\/v2\/comments?post=10147"}],"version-history":[{"count":1,"href":"https:\/\/www.wellongpack.com\/da\/wp-json\/wp\/v2\/product\/10147\/revisions"}],"predecessor-version":[{"id":10151,"href":"https:\/\/www.wellongpack.com\/da\/wp-json\/wp\/v2\/product\/10147\/revisions\/10151"}],"wp:featuredmedia":[{"embeddable":true,"href":"https:\/\/www.wellongpack.com\/da\/wp-json\/wp\/v2\/media\/10148"}],"wp:attachment":[{"href":"https:\/\/www.wellongpack.com\/da\/wp-json\/wp\/v2\/media?parent=10147"}],"wp:term":[{"taxonomy":"product_cat","embeddable":true,"href":"https:\/\/www.wellongpack.com\/da\/wp-json\/wp\/v2\/product_cat?post=10147"},{"taxonomy":"product_tag","embeddable":true,"href":"https:\/\/www.wellongpack.com\/da\/wp-json\/wp\/v2\/product_tag?post=10147"}],"curies":[{"name":"wp","href":"https:\/\/api.w.org\/{rel}","templated":true}]}}