
{"id":10016,"date":"2023-06-01T13:46:03","date_gmt":"2023-06-01T05:46:03","guid":{"rendered":"http:\/\/75.webs.svipwebs.com\/?post_type=product&#038;p=10016"},"modified":"2023-06-01T13:46:03","modified_gmt":"2023-06-01T05:46:03","slug":"rpet-polyester-folding-shopping-reusable-bag","status":"publish","type":"product","link":"https:\/\/www.wellongpack.com\/da\/vare\/rpet-polyester-folde-pose-genanvendelig-pose\/","title":{"rendered":"rpet polyester foldbar genanvendelig indk\u00f8bspose"},"content":{"rendered":"<p>Vores genanvendelige foldbare RPET-forsendelsesposer er den perfekte l\u00f8sning til en genanvendelig indk\u00f8bspose, en trendy indk\u00f8bstaske til et bes\u00f8g i indk\u00f8bscentret eller dine yndlingsbutikker. Vores st\u00f8rre og mere holdbare poser er s\u00e5 alsidige, at du kan bruge dem til stort set alt.<\/p>\n<p><img loading=\"lazy\" decoding=\"async\" class=\"alignnone size-full wp-image-10017\" src=\"https:\/\/www.wellongpack.com\/wp-content\/uploads\/2023\/06\/1-51.jpg\" alt=\"\" width=\"750\" height=\"750\" srcset=\"https:\/\/www.wellongpack.com\/wp-content\/uploads\/2023\/06\/1-51.jpg 750w, https:\/\/www.wellongpack.com\/wp-content\/uploads\/2023\/06\/1-51-430x430.jpg 430w, https:\/\/www.wellongpack.com\/wp-content\/uploads\/2023\/06\/1-51-150x150.jpg 150w, https:\/\/www.wellongpack.com\/wp-content\/uploads\/2023\/06\/1-51-700x700.jpg 700w, https:\/\/www.wellongpack.com\/wp-content\/uploads\/2023\/06\/1-51-300x300.jpg 300w\" sizes=\"auto, (max-width: 750px) 100vw, 750px\" \/> <img loading=\"lazy\" decoding=\"async\" class=\"alignnone size-full wp-image-10018\" src=\"https:\/\/www.wellongpack.com\/wp-content\/uploads\/2023\/06\/2-51.jpg\" alt=\"\" width=\"750\" height=\"750\" srcset=\"https:\/\/www.wellongpack.com\/wp-content\/uploads\/2023\/06\/2-51.jpg 750w, https:\/\/www.wellongpack.com\/wp-content\/uploads\/2023\/06\/2-51-430x430.jpg 430w, https:\/\/www.wellongpack.com\/wp-content\/uploads\/2023\/06\/2-51-150x150.jpg 150w, https:\/\/www.wellongpack.com\/wp-content\/uploads\/2023\/06\/2-51-700x700.jpg 700w, https:\/\/www.wellongpack.com\/wp-content\/uploads\/2023\/06\/2-51-300x300.jpg 300w\" sizes=\"auto, (max-width: 750px) 100vw, 750px\" \/> <img loading=\"lazy\" decoding=\"async\" class=\"alignnone size-full wp-image-10019\" src=\"https:\/\/www.wellongpack.com\/wp-content\/uploads\/2023\/06\/3-43.jpg\" alt=\"\" width=\"750\" height=\"750\" srcset=\"https:\/\/www.wellongpack.com\/wp-content\/uploads\/2023\/06\/3-43.jpg 750w, https:\/\/www.wellongpack.com\/wp-content\/uploads\/2023\/06\/3-43-430x430.jpg 430w, https:\/\/www.wellongpack.com\/wp-content\/uploads\/2023\/06\/3-43-150x150.jpg 150w, https:\/\/www.wellongpack.com\/wp-content\/uploads\/2023\/06\/3-43-700x700.jpg 700w, https:\/\/www.wellongpack.com\/wp-content\/uploads\/2023\/06\/3-43-300x300.jpg 300w\" sizes=\"auto, (max-width: 750px) 100vw, 750px\" \/><\/p>","protected":false},"excerpt":{"rendered":"<p>Our reusable RPET folding shipping bags\u00a0are a perfect solution for a\u00a0reusable grocery bag, a trendy shopping tote for a visit<\/p>","protected":false},"featured_media":10017,"comment_status":"open","ping_status":"closed","template":"","meta":[],"product_cat":[143,124,142],"product_tag":[],"class_list":["post-10016","product","type-product","status-publish","has-post-thumbnail","hentry","product_cat-rpet-shopping-bag","product_cat-sustainability-packaging","product_cat-tote-bag"],"_links":{"self":[{"href":"https:\/\/www.wellongpack.com\/da\/wp-json\/wp\/v2\/product\/10016","targetHints":{"allow":["GET"]}}],"collection":[{"href":"https:\/\/www.wellongpack.com\/da\/wp-json\/wp\/v2\/product"}],"about":[{"href":"https:\/\/www.wellongpack.com\/da\/wp-json\/wp\/v2\/types\/product"}],"replies":[{"embeddable":true,"href":"https:\/\/www.wellongpack.com\/da\/wp-json\/wp\/v2\/comments?post=10016"}],"version-history":[{"count":1,"href":"https:\/\/www.wellongpack.com\/da\/wp-json\/wp\/v2\/product\/10016\/revisions"}],"predecessor-version":[{"id":10020,"href":"https:\/\/www.wellongpack.com\/da\/wp-json\/wp\/v2\/product\/10016\/revisions\/10020"}],"wp:featuredmedia":[{"embeddable":true,"href":"https:\/\/www.wellongpack.com\/da\/wp-json\/wp\/v2\/media\/10017"}],"wp:attachment":[{"href":"https:\/\/www.wellongpack.com\/da\/wp-json\/wp\/v2\/media?parent=10016"}],"wp:term":[{"taxonomy":"product_cat","embeddable":true,"href":"https:\/\/www.wellongpack.com\/da\/wp-json\/wp\/v2\/product_cat?post=10016"},{"taxonomy":"product_tag","embeddable":true,"href":"https:\/\/www.wellongpack.com\/da\/wp-json\/wp\/v2\/product_tag?post=10016"}],"curies":[{"name":"wp","href":"https:\/\/api.w.org\/{rel}","templated":true}]}}